{"id":1376,"date":"2019-04-03T15:58:29","date_gmt":"2019-04-03T18:58:29","guid":{"rendered":"http:\/\/grupogem.org\/lp\/dup-cabine-primaria-subestacao\/"},"modified":"2025-11-26T15:05:12","modified_gmt":"2025-11-26T18:05:12","slug":"cabine-primaria-subestacao","status":"publish","type":"page","link":"https:\/\/grupogem.org\/lp\/cabine-primaria-subestacao\/","title":{"rendered":"Cabine Primaria (Subesta\u00e7\u00e3o)"},"content":{"rendered":"","protected":false},"excerpt":{"rendered":"","protected":false},"author":1,"featured_media":0,"parent":0,"menu_order":0,"comment_status":"closed","ping_status":"closed","template":"","meta":[],"yoast_head":"<!-- This site is optimized with the Yoast SEO plugin v16.6.1 - https:\/\/yoast.com\/wordpress\/plugins\/seo\/ -->\n<title>Cabine Primaria (Subesta\u00e7\u00e3o) - Manuten\u00e7\u00e3o e instala\u00e7\u00e3o de geradores<\/title>\n<meta name=\"robots\" content=\"index, follow, max-snippet:-1, max-image-preview:large, max-video-preview:-1\" \/>\n<link rel=\"canonical\" href=\"https:\/\/grupogem.org\/lp\/cabine-primaria-subestacao\/\" \/>\n<meta property=\"og:locale\" content=\"pt_BR\" \/>\n<meta property=\"og:type\" content=\"article\" \/>\n<meta property=\"og:title\" content=\"Cabine Primaria (Subesta\u00e7\u00e3o) - Manuten\u00e7\u00e3o e instala\u00e7\u00e3o de geradores\" \/>\n<meta property=\"og:url\" content=\"https:\/\/grupogem.org\/lp\/cabine-primaria-subestacao\/\" \/>\n<meta property=\"og:site_name\" content=\"Manuten\u00e7\u00e3o e instala\u00e7\u00e3o de geradores\" \/>\n<meta property=\"article:modified_time\" content=\"2025-11-26T18:05:12+00:00\" \/>\n<meta property=\"og:image\" content=\"http:\/\/images\/wpspin_light.gif\" \/>\n<meta name=\"twitter:card\" content=\"summary_large_image\" \/>\n<meta name=\"twitter:label1\" content=\"Est. tempo de leitura\" \/>\n\t<meta name=\"twitter:data1\" content=\"59 minutos\" \/>\n<script type=\"application\/ld+json\" class=\"yoast-schema-graph\">{\"@context\":\"https:\/\/schema.org\",\"@graph\":[{\"@type\":\"WebSite\",\"@id\":\"https:\/\/grupogem.org\/lp\/#website\",\"url\":\"https:\/\/grupogem.org\/lp\/\",\"name\":\"Manuten\\u00e7\\u00e3o e instala\\u00e7\\u00e3o de geradores\",\"description\":\"\",\"potentialAction\":[{\"@type\":\"SearchAction\",\"target\":{\"@type\":\"EntryPoint\",\"urlTemplate\":\"https:\/\/grupogem.org\/lp\/?s={search_term_string}\"},\"query-input\":\"required name=search_term_string\"}],\"inLanguage\":\"pt-BR\"},{\"@type\":\"ImageObject\",\"@id\":\"https:\/\/grupogem.org\/lp\/cabine-primaria-subestacao\/#primaryimage\",\"inLanguage\":\"pt-BR\",\"url\":\"images\/wpspin_light.gif\",\"contentUrl\":\"images\/wpspin_light.gif\"},{\"@type\":\"WebPage\",\"@id\":\"https:\/\/grupogem.org\/lp\/cabine-primaria-subestacao\/#webpage\",\"url\":\"https:\/\/grupogem.org\/lp\/cabine-primaria-subestacao\/\",\"name\":\"Cabine Primaria (Subesta\\u00e7\\u00e3o) - Manuten\\u00e7\\u00e3o e instala\\u00e7\\u00e3o de geradores\",\"isPartOf\":{\"@id\":\"https:\/\/grupogem.org\/lp\/#website\"},\"primaryImageOfPage\":{\"@id\":\"https:\/\/grupogem.org\/lp\/cabine-primaria-subestacao\/#primaryimage\"},\"datePublished\":\"2019-04-03T18:58:29+00:00\",\"dateModified\":\"2025-11-26T18:05:12+00:00\",\"breadcrumb\":{\"@id\":\"https:\/\/grupogem.org\/lp\/cabine-primaria-subestacao\/#breadcrumb\"},\"inLanguage\":\"pt-BR\",\"potentialAction\":[{\"@type\":\"ReadAction\",\"target\":[\"https:\/\/grupogem.org\/lp\/cabine-primaria-subestacao\/\"]}]},{\"@type\":\"BreadcrumbList\",\"@id\":\"https:\/\/grupogem.org\/lp\/cabine-primaria-subestacao\/#breadcrumb\",\"itemListElement\":[{\"@type\":\"ListItem\",\"position\":1,\"name\":\"In\\u00edcio\",\"item\":\"https:\/\/grupogem.org\/lp\/\"},{\"@type\":\"ListItem\",\"position\":2,\"name\":\"Cabine Primaria (Subesta\\u00e7\\u00e3o)\"}]}]}<\/script>\n<!-- \/ Yoast SEO plugin. -->","_links":{"self":[{"href":"https:\/\/grupogem.org\/lp\/wp-json\/wp\/v2\/pages\/1376"}],"collection":[{"href":"https:\/\/grupogem.org\/lp\/wp-json\/wp\/v2\/pages"}],"about":[{"href":"https:\/\/grupogem.org\/lp\/wp-json\/wp\/v2\/types\/page"}],"author":[{"embeddable":true,"href":"https:\/\/grupogem.org\/lp\/wp-json\/wp\/v2\/users\/1"}],"replies":[{"embeddable":true,"href":"https:\/\/grupogem.org\/lp\/wp-json\/wp\/v2\/comments?post=1376"}],"version-history":[{"count":26,"href":"https:\/\/grupogem.org\/lp\/wp-json\/wp\/v2\/pages\/1376\/revisions"}],"predecessor-version":[{"id":1482,"href":"https:\/\/grupogem.org\/lp\/wp-json\/wp\/v2\/pages\/1376\/revisions\/1482"}],"wp:attachment":[{"href":"https:\/\/grupogem.org\/lp\/wp-json\/wp\/v2\/media?parent=1376"}],"curies":[{"name":"wp","href":"https:\/\/api.w.org\/{rel}","templated":true}]}}